{"id":775,"date":"2024-12-28T23:56:35","date_gmt":"2024-12-28T22:56:35","guid":{"rendered":"https:\/\/masfonoll.com\/?post_type=product&#038;p=775"},"modified":"2025-11-05T16:05:37","modified_gmt":"2025-11-05T15:05:37","slug":"val-regal","status":"publish","type":"product","link":"https:\/\/masfonoll.com\/es\/producto\/val-regal\/","title":{"rendered":"Val regal per a dues persones"},"content":{"rendered":"","protected":false},"excerpt":{"rendered":"<p>Un val <strong>regal per un dinar per a dues persones<\/strong> al restaurant <b>Mas Fonoll\u00a0<\/b>\u00e9s una opci\u00f3 perfecta per regalar una experi\u00e8ncia gastron\u00f2mica \u00fanica i memorable. Amb una cuina de proximitat i de qualitat, aquest dinar ofereix l\u2019oportunitat de gaudir d\u2019un moment especial en un entorn natural i tranquil. El val \u00e9s flexible, permetent a qui el rep triar quan gaudir d\u2019aquesta viv\u00e8ncia sense pressa. A m\u00e9s, \u00e9s un regal que s\u2019adapta a tots els gustos, ja sigui per a parelles, amics o familiars. Un detall que, m\u00e9s que un objecte, regala un record inoblidable.<\/p>\n<p>El xec consisteix en un dinar per a dues persones en qu\u00e8 cadasc\u00fa podr\u00e0 triar un entrant, un plat principal i un postre de la carta, pa de pag\u00e8s, porr\u00f3 de vi de la casa, aigua mineral, caf\u00e8s o infusions.<\/p>\n<p>Per fer \u00fas del regal caldr\u00e0 fer reserva pr\u00e8via de la taula trucant als tel\u00e8fons del restaurant i informar que es t\u00e9 el val.<\/p>\n<ul>\n<li><strong>El val es pot enviar f\u00edsicament en un termini de 48-72 hores (dies laborables).<\/strong><\/li>\n<li><strong>El podem enviar per correu electronic perqu\u00e8 el pugueu fer arribar a la persona que el rebr\u00e0.<\/strong><\/li>\n<li><strong>El podeu venir a recollir a la nostra botiga f\u00edsica de Mas Fonoll els caps de setmana.<\/strong><\/li>\n<\/ul>\n<p>&nbsp;<\/p>\n","protected":false},"featured_media":783,"comment_status":"open","ping_status":"closed","template":"","meta":{"_acf_changed":false,"_seopress_robots_primary_cat":"none","_seopress_titles_title":"","_seopress_titles_desc":"","_seopress_robots_index":"","inline_featured_image":false,"site-sidebar-layout":"default","site-content-layout":"","ast-site-content-layout":"default","site-content-style":"default","site-sidebar-style":"default","ast-global-header-display":"","ast-banner-title-visibility":"","ast-main-header-display":"","ast-hfb-above-header-display":"","ast-hfb-below-header-display":"","ast-hfb-mobile-header-display":"","site-post-title":"","ast-breadcrumbs-content":"","ast-featured-img":"","footer-sml-layout":"","ast-disable-related-posts":"","theme-transparent-header-meta":"default","adv-header-id-meta":"","stick-header-meta":"","header-above-stick-meta":"","header-main-stick-meta":"","header-below-stick-meta":"","astra-migrate-meta-layouts":"set","ast-page-background-enabled":"default","ast-page-background-meta":{"desktop":{"background-color":"var(--ast-global-color-4)","background-image":"","background-repeat":"repeat","background-position":"center center","background-size":"auto","background-attachment":"scroll","background-type":"","background-media":"","overlay-type":"","overlay-color":"","overlay-opacity":"","overlay-gradient":""},"tablet":{"background-color":"","background-image":"","background-repeat":"repeat","background-position":"center center","background-size":"auto","background-attachment":"scroll","background-type":"","background-media":"","overlay-type":"","overlay-color":"","overlay-opacity":"","overlay-gradient":""},"mobile":{"background-color":"","background-image":"","background-repeat":"repeat","background-position":"center center","background-size":"auto","background-attachment":"scroll","background-type":"","background-media":"","overlay-type":"","overlay-color":"","overlay-opacity":"","overlay-gradient":""}},"ast-content-background-meta":{"desktop":{"background-color":"var(--ast-global-color-5)","background-image":"","background-repeat":"repeat","background-position":"center center","background-size":"auto","background-attachment":"scroll","background-type":"","background-media":"","overlay-type":"","overlay-color":"","overlay-opacity":"","overlay-gradient":""},"tablet":{"background-color":"var(--ast-global-color-5)","background-image":"","background-repeat":"repeat","background-position":"center center","background-size":"auto","background-attachment":"scroll","background-type":"","background-media":"","overlay-type":"","overlay-color":"","overlay-opacity":"","overlay-gradient":""},"mobile":{"background-color":"var(--ast-global-color-5)","background-image":"","background-repeat":"repeat","background-position":"center center","background-size":"auto","background-attachment":"scroll","background-type":"","background-media":"","overlay-type":"","overlay-color":"","overlay-opacity":"","overlay-gradient":""}}},"product_brand":[],"product_cat":[36],"product_tag":[33,32],"class_list":{"0":"post-775","1":"product","2":"type-product","3":"status-publish","4":"has-post-thumbnail","6":"product_cat-altres-productes-del-fonoll","7":"product_tag-gastronomia","8":"product_tag-regal","9":"desktop-align-left","10":"tablet-align-left","11":"mobile-align-left","13":"first","14":"instock","15":"taxable","16":"shipping-taxable","17":"purchasable","18":"product-type-simple"},"acf":[],"_links":{"self":[{"href":"https:\/\/masfonoll.com\/es\/wp-json\/wp\/v2\/product\/775","targetHints":{"allow":["GET"]}}],"collection":[{"href":"https:\/\/masfonoll.com\/es\/wp-json\/wp\/v2\/product"}],"about":[{"href":"https:\/\/masfonoll.com\/es\/wp-json\/wp\/v2\/types\/product"}],"replies":[{"embeddable":true,"href":"https:\/\/masfonoll.com\/es\/wp-json\/wp\/v2\/comments?post=775"}],"wp:featuredmedia":[{"embeddable":true,"href":"https:\/\/masfonoll.com\/es\/wp-json\/wp\/v2\/media\/783"}],"wp:attachment":[{"href":"https:\/\/masfonoll.com\/es\/wp-json\/wp\/v2\/media?parent=775"}],"wp:term":[{"taxonomy":"product_brand","embeddable":true,"href":"https:\/\/masfonoll.com\/es\/wp-json\/wp\/v2\/product_brand?post=775"},{"taxonomy":"product_cat","embeddable":true,"href":"https:\/\/masfonoll.com\/es\/wp-json\/wp\/v2\/product_cat?post=775"},{"taxonomy":"product_tag","embeddable":true,"href":"https:\/\/masfonoll.com\/es\/wp-json\/wp\/v2\/product_tag?post=775"}],"curies":[{"name":"wp","href":"https:\/\/api.w.org\/{rel}","templated":true}]}}