{"id":828,"date":"2025-01-22T16:12:21","date_gmt":"2025-01-22T15:12:21","guid":{"rendered":"https:\/\/masfonoll.com\/?post_type=product&#038;p=828"},"modified":"2025-04-09T12:27:21","modified_gmt":"2025-04-09T10:27:21","slug":"llangonissa-copia","status":"publish","type":"product","link":"https:\/\/masfonoll.com\/es\/producto\/llangonissa-copia\/","title":{"rendered":"Llangonissa amb pebre de Jamaica ( 370 &#8211; 400g )"},"content":{"rendered":"","protected":false},"excerpt":{"rendered":"<p><span style=\"font-weight: 400\">Un producte exclusiu d&#8217;estoc limitat, la llangonissa de casa \u00a0pero amb el toc arom\u00e0tic i ex\u00f2tic del pebre de Jamaica. \u00c9s una esp\u00e8cie de pebre que no es gens picant i que combina els sabors i aromes de la canyella, de la nou moscada i del clau. La llangonissa esta embotida en tripa natural i lligada manualment com tots els nostres embotits. El proc\u00e9s de curaci\u00f3 dura varies set manes i es fa en celler natural on es penja i premsa cadascuna de les unitats de forma artesanal. Requereix de raspallat manual d\u2019una part del florit natural que apareix durant la curaci\u00f3. Que tamb\u00e9 li dona un sabor caracter\u00edstic.\u00a0<\/span><\/p>\n<p><strong>Ingredients:<\/strong><\/p>\n<ul>\n<li><span style=\"font-weight: 400\">Pernil i espatlla de porc, sal marina, boles de pebre de Jamaica, pebre blanc, nitrificant i tripa natural.\u00a0<\/span><\/li>\n<\/ul>\n<p>Nom\u00e9s es ven per pe\u00e7a sencera ( 370 &#8211; 400g )<\/p>\n","protected":false},"featured_media":822,"comment_status":"open","ping_status":"closed","template":"","meta":{"_acf_changed":false,"_seopress_robots_primary_cat":"none","_seopress_titles_title":"","_seopress_titles_desc":"","_seopress_robots_index":"","inline_featured_image":false,"site-sidebar-layout":"default","site-content-layout":"","ast-site-content-layout":"default","site-content-style":"default","site-sidebar-style":"default","ast-global-header-display":"","ast-banner-title-visibility":"","ast-main-header-display":"","ast-hfb-above-header-display":"","ast-hfb-below-header-display":"","ast-hfb-mobile-header-display":"","site-post-title":"","ast-breadcrumbs-content":"","ast-featured-img":"","footer-sml-layout":"","ast-disable-related-posts":"","theme-transparent-header-meta":"default","adv-header-id-meta":"","stick-header-meta":"","header-above-stick-meta":"","header-main-stick-meta":"","header-below-stick-meta":"","astra-migrate-meta-layouts":"set","ast-page-background-enabled":"default","ast-page-background-meta":{"desktop":{"background-color":"var(--ast-global-color-4)","background-image":"","background-repeat":"repeat","background-position":"center center","background-size":"auto","background-attachment":"scroll","background-type":"","background-media":"","overlay-type":"","overlay-color":"","overlay-opacity":"","overlay-gradient":""},"tablet":{"background-color":"","background-image":"","background-repeat":"repeat","background-position":"center center","background-size":"auto","background-attachment":"scroll","background-type":"","background-media":"","overlay-type":"","overlay-color":"","overlay-opacity":"","overlay-gradient":""},"mobile":{"background-color":"","background-image":"","background-repeat":"repeat","background-position":"center center","background-size":"auto","background-attachment":"scroll","background-type":"","background-media":"","overlay-type":"","overlay-color":"","overlay-opacity":"","overlay-gradient":""}},"ast-content-background-meta":{"desktop":{"background-color":"var(--ast-global-color-5)","background-image":"","background-repeat":"repeat","background-position":"center center","background-size":"auto","background-attachment":"scroll","background-type":"","background-media":"","overlay-type":"","overlay-color":"","overlay-opacity":"","overlay-gradient":""},"tablet":{"background-color":"var(--ast-global-color-5)","background-image":"","background-repeat":"repeat","background-position":"center center","background-size":"auto","background-attachment":"scroll","background-type":"","background-media":"","overlay-type":"","overlay-color":"","overlay-opacity":"","overlay-gradient":""},"mobile":{"background-color":"var(--ast-global-color-5)","background-image":"","background-repeat":"repeat","background-position":"center center","background-size":"auto","background-attachment":"scroll","background-type":"","background-media":"","overlay-type":"","overlay-color":"","overlay-opacity":"","overlay-gradient":""}}},"product_brand":[],"product_cat":[20],"product_tag":[],"class_list":{"0":"post-828","1":"product","2":"type-product","3":"status-publish","4":"has-post-thumbnail","6":"product_cat-embotits","7":"product_shipping_class-fred","8":"desktop-align-left","9":"tablet-align-left","10":"mobile-align-left","12":"first","13":"instock","14":"taxable","15":"shipping-taxable","16":"purchasable","17":"product-type-simple"},"acf":[],"_links":{"self":[{"href":"https:\/\/masfonoll.com\/es\/wp-json\/wp\/v2\/product\/828","targetHints":{"allow":["GET"]}}],"collection":[{"href":"https:\/\/masfonoll.com\/es\/wp-json\/wp\/v2\/product"}],"about":[{"href":"https:\/\/masfonoll.com\/es\/wp-json\/wp\/v2\/types\/product"}],"replies":[{"embeddable":true,"href":"https:\/\/masfonoll.com\/es\/wp-json\/wp\/v2\/comments?post=828"}],"wp:featuredmedia":[{"embeddable":true,"href":"https:\/\/masfonoll.com\/es\/wp-json\/wp\/v2\/media\/822"}],"wp:attachment":[{"href":"https:\/\/masfonoll.com\/es\/wp-json\/wp\/v2\/media?parent=828"}],"wp:term":[{"taxonomy":"product_brand","embeddable":true,"href":"https:\/\/masfonoll.com\/es\/wp-json\/wp\/v2\/product_brand?post=828"},{"taxonomy":"product_cat","embeddable":true,"href":"https:\/\/masfonoll.com\/es\/wp-json\/wp\/v2\/product_cat?post=828"},{"taxonomy":"product_tag","embeddable":true,"href":"https:\/\/masfonoll.com\/es\/wp-json\/wp\/v2\/product_tag?post=828"}],"curies":[{"name":"wp","href":"https:\/\/api.w.org\/{rel}","templated":true}]}}