{"id":836,"date":"2025-01-29T22:57:52","date_gmt":"2025-01-29T21:57:52","guid":{"rendered":"https:\/\/masfonoll.com\/?post_type=product&#038;p=836"},"modified":"2025-11-20T23:41:27","modified_gmt":"2025-11-20T22:41:27","slug":"botifarra-crua","status":"publish","type":"product","link":"https:\/\/masfonoll.com\/es\/producto\/botifarra-crua\/","title":{"rendered":"Botifarra crua (500g)"},"content":{"rendered":"","protected":false},"excerpt":{"rendered":"<p>La botifarra crua emblema de casa nostre, la que anima qualsevol dinar de cada dia i les millors brases. La nostra botifarra est\u00e0 feta amb carn de porc d&#8217;alta qualitat, sal i pebre, res m\u00e9s. Les fem a m\u00e0, una a una, sense cap conservant ni colorant.<\/p>\n<p><strong>Ingredients:<\/strong><\/p>\n<ul>\n<li><span style=\"font-weight: 400;\">Carn de porc, sal marina, pebre blanc i tripa natural.<\/span><\/li>\n<\/ul>\n<p><strong>Envasat al buit en pack de 500g ( 2x250g)<\/strong><\/p>\n<p><strong>Es pot congelar<\/strong><\/p>\n<div id=\"gtx-trans\" style=\"position: absolute; left: 55px; top: 166.109px;\">\n<div class=\"gtx-trans-icon\"><\/div>\n<\/div>\n","protected":false},"featured_media":839,"comment_status":"open","ping_status":"closed","template":"","meta":{"_acf_changed":false,"_seopress_robots_primary_cat":"none","_seopress_titles_title":"","_seopress_titles_desc":"Esta feta amb carn de porc d'alta qualitat, sal i pebre, res m\u00e9s.","_seopress_robots_index":"","inline_featured_image":false,"site-sidebar-layout":"default","site-content-layout":"","ast-site-content-layout":"default","site-content-style":"default","site-sidebar-style":"default","ast-global-header-display":"","ast-banner-title-visibility":"","ast-main-header-display":"","ast-hfb-above-header-display":"","ast-hfb-below-header-display":"","ast-hfb-mobile-header-display":"","site-post-title":"","ast-breadcrumbs-content":"","ast-featured-img":"","footer-sml-layout":"","ast-disable-related-posts":"","theme-transparent-header-meta":"default","adv-header-id-meta":"","stick-header-meta":"","header-above-stick-meta":"","header-main-stick-meta":"","header-below-stick-meta":"","astra-migrate-meta-layouts":"set","ast-page-background-enabled":"default","ast-page-background-meta":{"desktop":{"background-color":"var(--ast-global-color-4)","background-image":"","background-repeat":"repeat","background-position":"center center","background-size":"auto","background-attachment":"scroll","background-type":"","background-media":"","overlay-type":"","overlay-color":"","overlay-opacity":"","overlay-gradient":""},"tablet":{"background-color":"","background-image":"","background-repeat":"repeat","background-position":"center center","background-size":"auto","background-attachment":"scroll","background-type":"","background-media":"","overlay-type":"","overlay-color":"","overlay-opacity":"","overlay-gradient":""},"mobile":{"background-color":"","background-image":"","background-repeat":"repeat","background-position":"center center","background-size":"auto","background-attachment":"scroll","background-type":"","background-media":"","overlay-type":"","overlay-color":"","overlay-opacity":"","overlay-gradient":""}},"ast-content-background-meta":{"desktop":{"background-color":"var(--ast-global-color-5)","background-image":"","background-repeat":"repeat","background-position":"center center","background-size":"auto","background-attachment":"scroll","background-type":"","background-media":"","overlay-type":"","overlay-color":"","overlay-opacity":"","overlay-gradient":""},"tablet":{"background-color":"var(--ast-global-color-5)","background-image":"","background-repeat":"repeat","background-position":"center center","background-size":"auto","background-attachment":"scroll","background-type":"","background-media":"","overlay-type":"","overlay-color":"","overlay-opacity":"","overlay-gradient":""},"mobile":{"background-color":"var(--ast-global-color-5)","background-image":"","background-repeat":"repeat","background-position":"center center","background-size":"auto","background-attachment":"scroll","background-type":"","background-media":"","overlay-type":"","overlay-color":"","overlay-opacity":"","overlay-gradient":""}}},"product_brand":[],"product_cat":[20],"product_tag":[],"class_list":{"0":"post-836","1":"product","2":"type-product","3":"status-publish","4":"has-post-thumbnail","6":"product_cat-embotits","7":"product_shipping_class-fred","8":"desktop-align-left","9":"tablet-align-left","10":"mobile-align-left","12":"first","13":"instock","14":"taxable","15":"shipping-taxable","16":"purchasable","17":"product-type-simple"},"acf":[],"_links":{"self":[{"href":"https:\/\/masfonoll.com\/es\/wp-json\/wp\/v2\/product\/836","targetHints":{"allow":["GET"]}}],"collection":[{"href":"https:\/\/masfonoll.com\/es\/wp-json\/wp\/v2\/product"}],"about":[{"href":"https:\/\/masfonoll.com\/es\/wp-json\/wp\/v2\/types\/product"}],"replies":[{"embeddable":true,"href":"https:\/\/masfonoll.com\/es\/wp-json\/wp\/v2\/comments?post=836"}],"wp:featuredmedia":[{"embeddable":true,"href":"https:\/\/masfonoll.com\/es\/wp-json\/wp\/v2\/media\/839"}],"wp:attachment":[{"href":"https:\/\/masfonoll.com\/es\/wp-json\/wp\/v2\/media?parent=836"}],"wp:term":[{"taxonomy":"product_brand","embeddable":true,"href":"https:\/\/masfonoll.com\/es\/wp-json\/wp\/v2\/product_brand?post=836"},{"taxonomy":"product_cat","embeddable":true,"href":"https:\/\/masfonoll.com\/es\/wp-json\/wp\/v2\/product_cat?post=836"},{"taxonomy":"product_tag","embeddable":true,"href":"https:\/\/masfonoll.com\/es\/wp-json\/wp\/v2\/product_tag?post=836"}],"curies":[{"name":"wp","href":"https:\/\/api.w.org\/{rel}","templated":true}]}}