{"id":900,"date":"2025-11-05T14:27:43","date_gmt":"2025-11-05T13:27:43","guid":{"rendered":"https:\/\/masfonoll.com\/?post_type=product&#038;p=900"},"modified":"2025-11-05T16:04:05","modified_gmt":"2025-11-05T15:04:05","slug":"caixa-descudella-del-fonoll-6-pots-de-655ml","status":"publish","type":"product","link":"https:\/\/masfonoll.com\/es\/producto\/caixa-descudella-del-fonoll-6-pots-de-655ml\/","title":{"rendered":"Caixa d&#8217;escudella del Fonoll  ( 6 pots de 655ml)"},"content":{"rendered":"","protected":false},"excerpt":{"rendered":"<p data-start=\"70\" data-end=\"409\">Elaborem la nostra escudella seguint la recepta de la iaia i amb ingredients de proximitat: carn de porc i de pollastre, i verdures fresques del nostre hort. \u00c9s perfecta per prendre sola. Amb una mica de pasta i pilota es convertir\u00e0 en un plat molt complet. D\u2019altra banda, tamb\u00e9 es pot fer servir com a ingredient per enriquir altres plats.<\/p>\n<p data-start=\"70\" data-end=\"409\"><strong data-start=\"83\" data-end=\"98\">Preparaci\u00f3:<\/strong><br data-start=\"98\" data-end=\"101\" \/>Buidar el contingut del pot en un recipient.<br data-start=\"145\" data-end=\"148\" \/>Es pot afegir una mica d\u2019aigua per acabar d\u2019escurar el pot, ja que \u00e9s for\u00e7a esp\u00e8s.<br data-start=\"230\" data-end=\"233\" \/>Portar a ebullici\u00f3 i ja estar\u00e0 llest per consumir.<br data-start=\"283\" data-end=\"286\" \/>Si es vol afegir pasta, es recomana bullir-la a part.<\/p>\n<p data-start=\"411\" data-end=\"563\"><strong data-start=\"411\" data-end=\"427\">Ingredients escudella:<\/strong><br data-start=\"427\" data-end=\"430\" \/>Aigua, carn i ossos de porc, pollastre, patates, mongetes seques, col, porro, <em><strong>api<\/strong><\/em> i sal. <strong data-start=\"519\" data-end=\"563\">Pot contenir traces d&#8217;ou, gluten i lactosa.<\/strong><\/p>\n<p data-start=\"565\" data-end=\"690\"><strong data-start=\"565\" data-end=\"581\">Conservaci\u00f3:<\/strong><br data-start=\"581\" data-end=\"584\" \/>Mantenir refrigerat entre 0\u00baC i 4\u00baC.<br data-start=\"620\" data-end=\"623\" \/>Consum preferent: 10 dies.<br data-start=\"649\" data-end=\"652\" \/>Es pot congelar fins a 6 mesos en un recipient apte.<\/p>\n","protected":false},"featured_media":907,"comment_status":"open","ping_status":"closed","template":"","meta":{"_acf_changed":false,"_seopress_robots_primary_cat":"none","_seopress_titles_title":"","_seopress_titles_desc":"","_seopress_robots_index":"","inline_featured_image":false,"site-sidebar-layout":"default","site-content-layout":"","ast-site-content-layout":"default","site-content-style":"default","site-sidebar-style":"default","ast-global-header-display":"","ast-banner-title-visibility":"","ast-main-header-display":"","ast-hfb-above-header-display":"","ast-hfb-below-header-display":"","ast-hfb-mobile-header-display":"","site-post-title":"","ast-breadcrumbs-content":"","ast-featured-img":"","footer-sml-layout":"","ast-disable-related-posts":"","theme-transparent-header-meta":"default","adv-header-id-meta":"","stick-header-meta":"","header-above-stick-meta":"","header-main-stick-meta":"","header-below-stick-meta":"","astra-migrate-meta-layouts":"set","ast-page-background-enabled":"default","ast-page-background-meta":{"desktop":{"background-color":"var(--ast-global-color-4)","background-image":"","background-repeat":"repeat","background-position":"center center","background-size":"auto","background-attachment":"scroll","background-type":"","background-media":"","overlay-type":"","overlay-color":"","overlay-opacity":"","overlay-gradient":""},"tablet":{"background-color":"","background-image":"","background-repeat":"repeat","background-position":"center center","background-size":"auto","background-attachment":"scroll","background-type":"","background-media":"","overlay-type":"","overlay-color":"","overlay-opacity":"","overlay-gradient":""},"mobile":{"background-color":"","background-image":"","background-repeat":"repeat","background-position":"center center","background-size":"auto","background-attachment":"scroll","background-type":"","background-media":"","overlay-type":"","overlay-color":"","overlay-opacity":"","overlay-gradient":""}},"ast-content-background-meta":{"desktop":{"background-color":"var(--ast-global-color-5)","background-image":"","background-repeat":"repeat","background-position":"center center","background-size":"auto","background-attachment":"scroll","background-type":"","background-media":"","overlay-type":"","overlay-color":"","overlay-opacity":"","overlay-gradient":""},"tablet":{"background-color":"var(--ast-global-color-5)","background-image":"","background-repeat":"repeat","background-position":"center center","background-size":"auto","background-attachment":"scroll","background-type":"","background-media":"","overlay-type":"","overlay-color":"","overlay-opacity":"","overlay-gradient":""},"mobile":{"background-color":"var(--ast-global-color-5)","background-image":"","background-repeat":"repeat","background-position":"center center","background-size":"auto","background-attachment":"scroll","background-type":"","background-media":"","overlay-type":"","overlay-color":"","overlay-opacity":"","overlay-gradient":""}}},"product_brand":[],"product_cat":[36],"product_tag":[37],"class_list":{"0":"post-900","1":"product","2":"type-product","3":"status-publish","4":"has-post-thumbnail","6":"product_cat-altres-productes-del-fonoll","7":"product_tag-escudella","8":"product_shipping_class-fred","9":"desktop-align-left","10":"tablet-align-left","11":"mobile-align-left","13":"first","14":"instock","15":"taxable","16":"shipping-taxable","17":"purchasable","18":"product-type-simple"},"acf":[],"_links":{"self":[{"href":"https:\/\/masfonoll.com\/es\/wp-json\/wp\/v2\/product\/900","targetHints":{"allow":["GET"]}}],"collection":[{"href":"https:\/\/masfonoll.com\/es\/wp-json\/wp\/v2\/product"}],"about":[{"href":"https:\/\/masfonoll.com\/es\/wp-json\/wp\/v2\/types\/product"}],"replies":[{"embeddable":true,"href":"https:\/\/masfonoll.com\/es\/wp-json\/wp\/v2\/comments?post=900"}],"wp:featuredmedia":[{"embeddable":true,"href":"https:\/\/masfonoll.com\/es\/wp-json\/wp\/v2\/media\/907"}],"wp:attachment":[{"href":"https:\/\/masfonoll.com\/es\/wp-json\/wp\/v2\/media?parent=900"}],"wp:term":[{"taxonomy":"product_brand","embeddable":true,"href":"https:\/\/masfonoll.com\/es\/wp-json\/wp\/v2\/product_brand?post=900"},{"taxonomy":"product_cat","embeddable":true,"href":"https:\/\/masfonoll.com\/es\/wp-json\/wp\/v2\/product_cat?post=900"},{"taxonomy":"product_tag","embeddable":true,"href":"https:\/\/masfonoll.com\/es\/wp-json\/wp\/v2\/product_tag?post=900"}],"curies":[{"name":"wp","href":"https:\/\/api.w.org\/{rel}","templated":true}]}}