{"id":913,"date":"2025-11-19T23:17:52","date_gmt":"2025-11-19T22:17:52","guid":{"rendered":"https:\/\/masfonoll.com\/?post_type=product&#038;p=913"},"modified":"2025-11-21T23:26:36","modified_gmt":"2025-11-21T22:26:36","slug":"lot-el-que-no-falla-el-preferit-dels-amants-del-bon-embotit","status":"publish","type":"product","link":"https:\/\/masfonoll.com\/es\/producto\/lot-el-que-no-falla-el-preferit-dels-amants-del-bon-embotit\/","title":{"rendered":"Lot \u00abEl que no falla \u00ab\u2013 El preferit dels amants del bon embotit"},"content":{"rendered":"","protected":false},"excerpt":{"rendered":"<p data-start=\"192\" data-end=\"498\">Aquest Nadal, regala autenticitat. El nostre lot d\u2019embotits artesans reuneix les elaboracions que m\u00e9s agraden als nostres clients: receptes tradicionals, curacions lentes i productes fets com abans, amb carn seleccionada i esp\u00e8cies naturals. Un detall irresistible per a qui valora el sabor d\u2019all\u00f2 ben fet.<\/p>\n<p data-start=\"500\" data-end=\"759\">Cada pe\u00e7a ha estat elaborada al nostre obrador seguint m\u00e8todes artesans, respectant la maduraci\u00f3 i la qualitat dels ingredients. El resultat: embotits saborosos, equilibrats, i amb aquell gust de sempre que enamora.<\/p>\n<p data-start=\"500\" data-end=\"759\"><strong>Dins hi trobar\u00e0s:<\/strong><\/p>\n<ul>\n<li><strong data-start=\"528\" data-end=\"555\">1 Llangonissa tradicional<\/strong> <strong>(320-360 g)<\/strong>\u2013 el gust de sempre, curada lentament.<\/li>\n<li><strong data-start=\"626\" data-end=\"662\">1 Xori\u00e7 (320-360 g)<\/strong> \u2013 vermell intens, sabor\u00f3s i amb car\u00e0cter.<\/li>\n<li><strong data-start=\"1031\" data-end=\"1046\">1 Fuet artes\u00e0 (190-220g)<\/strong>\u00a0\u2013 lleuger, vers\u00e0til i irresistible.<\/li>\n<li><strong data-start=\"945\" data-end=\"963\">1 Porci\u00f3 de panxeta curada (250-290g)<\/strong> \u2013 saborosa i amb aquell toc cl\u00e0ssic que fa salivar.<\/li>\n<li><strong>1 Formatge Pastura ( 500g ) <\/strong>\u00a0de la formatgeria Ubach de gust \u00a0equilibrat i ple de sabor \u00a0(llet pasteuritzada de vaca)<\/li>\n<\/ul>\n<p><strong data-start=\"763\" data-end=\"796\">Presentaci\u00f3 especial de Nadal<\/strong><br data-start=\"796\" data-end=\"799\" \/>Detalls festius perqu\u00e8 el regal arribi amb m\u00e0gia des del primer moment.<\/p>\n<p><strong data-start=\"56\" data-end=\"328\">Si voleu que el lot arribi directament a la persona a qui el voleu regalar, nom\u00e9s cal que ho indiqueu a l\u2019apartat de comentaris durant el proc\u00e9s de compra. Nom\u00e9s heu d\u2019especificar que \u00e9s un regal i facilitar-nos l\u2019adre\u00e7a d\u2019entrega, i ens encarregarem de la resta.<\/strong><\/p>\n<p><strong>Ingredients i conservaci\u00f3:<\/strong><\/p>\n<p>Podeu consultar-ho en cada producte<\/p>\n<p>&nbsp;<\/p>\n<div id=\"gtx-trans\" style=\"position: absolute;left: 55px;top: 166.109px\">\n<div class=\"gtx-trans-icon\"><\/div>\n<\/div>\n","protected":false},"featured_media":923,"comment_status":"open","ping_status":"closed","template":"","meta":{"_acf_changed":false,"_seopress_robots_primary_cat":"none","_seopress_titles_title":"","_seopress_titles_desc":"","_seopress_robots_index":"","inline_featured_image":false,"site-sidebar-layout":"default","site-content-layout":"","ast-site-content-layout":"default","site-content-style":"default","site-sidebar-style":"default","ast-global-header-display":"","ast-banner-title-visibility":"","ast-main-header-display":"","ast-hfb-above-header-display":"","ast-hfb-below-header-display":"","ast-hfb-mobile-header-display":"","site-post-title":"","ast-breadcrumbs-content":"","ast-featured-img":"","footer-sml-layout":"","ast-disable-related-posts":"","theme-transparent-header-meta":"default","adv-header-id-meta":"","stick-header-meta":"","header-above-stick-meta":"","header-main-stick-meta":"","header-below-stick-meta":"","astra-migrate-meta-layouts":"set","ast-page-background-enabled":"default","ast-page-background-meta":{"desktop":{"background-color":"var(--ast-global-color-4)","background-image":"","background-repeat":"repeat","background-position":"center center","background-size":"auto","background-attachment":"scroll","background-type":"","background-media":"","overlay-type":"","overlay-color":"","overlay-opacity":"","overlay-gradient":""},"tablet":{"background-color":"","background-image":"","background-repeat":"repeat","background-position":"center center","background-size":"auto","background-attachment":"scroll","background-type":"","background-media":"","overlay-type":"","overlay-color":"","overlay-opacity":"","overlay-gradient":""},"mobile":{"background-color":"","background-image":"","background-repeat":"repeat","background-position":"center center","background-size":"auto","background-attachment":"scroll","background-type":"","background-media":"","overlay-type":"","overlay-color":"","overlay-opacity":"","overlay-gradient":""}},"ast-content-background-meta":{"desktop":{"background-color":"var(--ast-global-color-5)","background-image":"","background-repeat":"repeat","background-position":"center center","background-size":"auto","background-attachment":"scroll","background-type":"","background-media":"","overlay-type":"","overlay-color":"","overlay-opacity":"","overlay-gradient":""},"tablet":{"background-color":"var(--ast-global-color-5)","background-image":"","background-repeat":"repeat","background-position":"center center","background-size":"auto","background-attachment":"scroll","background-type":"","background-media":"","overlay-type":"","overlay-color":"","overlay-opacity":"","overlay-gradient":""},"mobile":{"background-color":"var(--ast-global-color-5)","background-image":"","background-repeat":"repeat","background-position":"center center","background-size":"auto","background-attachment":"scroll","background-type":"","background-media":"","overlay-type":"","overlay-color":"","overlay-opacity":"","overlay-gradient":""}}},"product_brand":[],"product_cat":[20,38],"product_tag":[],"class_list":{"0":"post-913","1":"product","2":"type-product","3":"status-publish","4":"has-post-thumbnail","6":"product_cat-embotits","7":"product_cat-lots-dembotits","8":"product_shipping_class-fred","9":"desktop-align-left","10":"tablet-align-left","11":"mobile-align-left","13":"first","14":"instock","15":"taxable","16":"shipping-taxable","17":"purchasable","18":"product-type-simple"},"acf":[],"_links":{"self":[{"href":"https:\/\/masfonoll.com\/es\/wp-json\/wp\/v2\/product\/913","targetHints":{"allow":["GET"]}}],"collection":[{"href":"https:\/\/masfonoll.com\/es\/wp-json\/wp\/v2\/product"}],"about":[{"href":"https:\/\/masfonoll.com\/es\/wp-json\/wp\/v2\/types\/product"}],"replies":[{"embeddable":true,"href":"https:\/\/masfonoll.com\/es\/wp-json\/wp\/v2\/comments?post=913"}],"wp:featuredmedia":[{"embeddable":true,"href":"https:\/\/masfonoll.com\/es\/wp-json\/wp\/v2\/media\/923"}],"wp:attachment":[{"href":"https:\/\/masfonoll.com\/es\/wp-json\/wp\/v2\/media?parent=913"}],"wp:term":[{"taxonomy":"product_brand","embeddable":true,"href":"https:\/\/masfonoll.com\/es\/wp-json\/wp\/v2\/product_brand?post=913"},{"taxonomy":"product_cat","embeddable":true,"href":"https:\/\/masfonoll.com\/es\/wp-json\/wp\/v2\/product_cat?post=913"},{"taxonomy":"product_tag","embeddable":true,"href":"https:\/\/masfonoll.com\/es\/wp-json\/wp\/v2\/product_tag?post=913"}],"curies":[{"name":"wp","href":"https:\/\/api.w.org\/{rel}","templated":true}]}}